{"id":19719,"date":"2014-04-28T10:25:35","date_gmt":"2014-04-28T08:25:35","guid":{"rendered":"http:\/\/www.campingelpont.net\/es\/contacte\/"},"modified":"2018-04-24T09:29:49","modified_gmt":"2018-04-24T07:29:49","slug":"contacto","status":"publish","type":"page","link":"https:\/\/www.campingelpont.net\/es\/contacto\/","title":{"rendered":"Contacto"},"content":{"rendered":"\n<div class=\"wpcf7 no-js\" id=\"wpcf7-f18878-o1\" lang=\"es-ES\" dir=\"ltr\" data-wpcf7-id=\"18878\">\n<div class=\"screen-reader-response\"><p role=\"status\" aria-live=\"polite\" aria-atomic=\"true\"><\/p> <ul><\/ul><\/div>\n<form action=\"\/es\/wp-json\/wp\/v2\/pages\/19719#wpcf7-f18878-o1\" method=\"post\" class=\"wpcf7-form init\" aria-label=\"Formulario de contacto\" novalidate=\"novalidate\" data-status=\"init\">\n<fieldset class=\"hidden-fields-container\"><input type=\"hidden\" name=\"_wpcf7\" value=\"18878\" \/><input type=\"hidden\" name=\"_wpcf7_version\" value=\"6.1.1\" \/><input type=\"hidden\" name=\"_wpcf7_locale\" value=\"es_ES\" \/><input type=\"hidden\" name=\"_wpcf7_unit_tag\" value=\"wpcf7-f18878-o1\" \/><input type=\"hidden\" name=\"_wpcf7_container_post\" value=\"0\" \/><input type=\"hidden\" name=\"_wpcf7_posted_data_hash\" value=\"\" \/><input type=\"hidden\" name=\"_wpcf7cf_hidden_group_fields\" value=\"[]\" \/><input type=\"hidden\" name=\"_wpcf7cf_hidden_groups\" value=\"[]\" \/><input type=\"hidden\" name=\"_wpcf7cf_visible_groups\" value=\"[]\" \/><input type=\"hidden\" name=\"_wpcf7cf_repeaters\" value=\"[]\" \/><input type=\"hidden\" name=\"_wpcf7cf_steps\" value=\"{}\" \/><input type=\"hidden\" name=\"_wpcf7cf_options\" value=\"{&quot;form_id&quot;:18878,&quot;conditions&quot;:[],&quot;settings&quot;:{&quot;animation&quot;:&quot;yes&quot;,&quot;animation_intime&quot;:200,&quot;animation_outtime&quot;:200,&quot;conditions_ui&quot;:&quot;normal&quot;,&quot;notice_dismissed&quot;:false,&quot;notice_dismissed_rollback-cf7-5.3.2&quot;:true,&quot;notice_dismissed_update-cf7-5.8.2&quot;:true}}\" \/><input type=\"hidden\" name=\"_wpcf7_recaptcha_response\" value=\"\" \/>\n<\/fieldset>\n<p><label for=\"cont-nombre\">Nombre<\/label><span class=\"wpcf7-form-control-wrap\" data-name=\"cont-nombre\"><input size=\"40\" maxlength=\"400\" class=\"wpcf7-form-control wpcf7-text wpcf7-validates-as-required\" aria-required=\"true\" aria-invalid=\"false\" value=\"\" type=\"text\" name=\"cont-nombre\" \/><\/span>\n<\/p>\n<p><label for=\"cont-email\">Email<\/label><span class=\"wpcf7-form-control-wrap\" data-name=\"cont-email\"><input size=\"40\" maxlength=\"400\" class=\"wpcf7-form-control wpcf7-email wpcf7-validates-as-required wpcf7-text wpcf7-validates-as-email\" aria-required=\"true\" aria-invalid=\"false\" value=\"\" type=\"email\" name=\"cont-email\" \/><\/span>\n<\/p>\n<p><label for=\"cont-telefono\">Phone<\/label><span class=\"wpcf7-form-control-wrap\" data-name=\"cont-telefono\"><input size=\"40\" maxlength=\"400\" class=\"wpcf7-form-control wpcf7-text\" aria-invalid=\"false\" value=\"\" type=\"text\" name=\"cont-telefono\" \/><\/span>\n<\/p>\n<p><label for=\"cont-consulta\">Comentarios<\/label><span class=\"wpcf7-form-control-wrap\" data-name=\"cont-consulta\"><textarea cols=\"40\" rows=\"10\" maxlength=\"2000\" class=\"wpcf7-form-control wpcf7-textarea\" aria-invalid=\"false\" name=\"cont-consulta\"><\/textarea><\/span>\n<\/p>\n<p><span class=\"wpcf7-form-control-wrap\" data-name=\"your-acceptance\"><span class=\"wpcf7-form-control wpcf7-acceptance\"><span class=\"wpcf7-list-item\"><label><input type=\"checkbox\" name=\"your-acceptance\" value=\"1\" aria-invalid=\"false\" \/><span class=\"wpcf7-list-item-label\">He le\u00eddo y acepto la Pol\u00edtica de Privacidad.<\/span><\/label><\/span><\/span><\/span>\n<\/p>\n<div class=\"acceptance\">\n\t<p>En cumplimiento con la nueva Ley de Protecci\u00f3n de Datos (RGPD) es necesaria la aceptaci\u00f3n clara y el consentimiento para almacenar y tratar sus datos, recibir informaci\u00f3n.\n\t<\/p>\n\t<p>Finalidad: Responder a consultas y\/o proporcionar informaci\u00f3n requerida expresamente por usted. Realizar la gesti\u00f3n, administraci\u00f3n y prestaci\u00f3n del servicio contratado.\n\t<\/p>\n\t<p>Puede modificar, actualizar o eliminar sus datos enviando una solicitud al correo info@campingelpont.net.\n\t<\/p>\n<\/div>\n\n<p><input class=\"wpcf7-form-control wpcf7-submit has-spinner\" type=\"submit\" value=\"Enviar consulta\" \/>\n<\/p><div class=\"wpcf7-response-output\" aria-hidden=\"true\"><\/div>\n<\/form>\n<\/div>\n\n","protected":false},"excerpt":{"rendered":"","protected":false},"author":1,"featured_media":0,"parent":0,"menu_order":6,"comment_status":"open","ping_status":"closed","template":"","meta":{"_acf_changed":false,"_monsterinsights_skip_tracking":false,"_monsterinsights_sitenote_active":false,"_monsterinsights_sitenote_note":"","_monsterinsights_sitenote_category":0,"footnotes":""},"class_list":["post-19719","page","type-page","status-publish","hentry"],"acf":[],"yoast_head":"<!-- This site is optimized with the Yoast SEO plugin v26.0 - https:\/\/yoast.com\/wordpress\/plugins\/seo\/ -->\n<title>Contacto - Camping el Pont<\/title>\n<meta name=\"robots\" content=\"index, follow, max-snippet:-1, max-image-preview:large, max-video-preview:-1\" \/>\n<link rel=\"canonical\" href=\"https:\/\/www.campingelpont.net\/contacte\/\" \/>\n<meta property=\"og:locale\" content=\"es_ES\" \/>\n<meta property=\"og:type\" content=\"article\" \/>\n<meta property=\"og:title\" content=\"Contacto - Camping el Pont\" \/>\n<meta property=\"og:url\" content=\"https:\/\/www.campingelpont.net\/contacte\/\" \/>\n<meta property=\"og:site_name\" content=\"Camping el Pont\" \/>\n<meta property=\"article:modified_time\" content=\"2018-04-24T07:29:49+00:00\" \/>\n<meta name=\"twitter:card\" content=\"summary_large_image\" \/>\n<script type=\"application\/ld+json\" class=\"yoast-schema-graph\">{\"@context\":\"https:\/\/schema.org\",\"@graph\":[{\"@type\":\"WebPage\",\"@id\":\"https:\/\/www.campingelpont.net\/contacte\/\",\"url\":\"https:\/\/www.campingelpont.net\/contacte\/\",\"name\":\"Contacto - Camping el Pont\",\"isPartOf\":{\"@id\":\"https:\/\/www.campingelpont.net\/#website\"},\"datePublished\":\"2014-04-28T08:25:35+00:00\",\"dateModified\":\"2018-04-24T07:29:49+00:00\",\"breadcrumb\":{\"@id\":\"https:\/\/www.campingelpont.net\/contacte\/#breadcrumb\"},\"inLanguage\":\"es\",\"potentialAction\":[{\"@type\":\"ReadAction\",\"target\":[\"https:\/\/www.campingelpont.net\/contacte\/\"]}]},{\"@type\":\"BreadcrumbList\",\"@id\":\"https:\/\/www.campingelpont.net\/contacte\/#breadcrumb\",\"itemListElement\":[{\"@type\":\"ListItem\",\"position\":1,\"name\":\"Inici\",\"item\":\"https:\/\/www.campingelpont.net\/es\/\"},{\"@type\":\"ListItem\",\"position\":2,\"name\":\"Contacto\"}]},{\"@type\":\"WebSite\",\"@id\":\"https:\/\/www.campingelpont.net\/#website\",\"url\":\"https:\/\/www.campingelpont.net\/\",\"name\":\"Camping el Pont\",\"description\":\"Entre tu i la natura\",\"publisher\":{\"@id\":\"https:\/\/www.campingelpont.net\/#organization\"},\"potentialAction\":[{\"@type\":\"SearchAction\",\"target\":{\"@type\":\"EntryPoint\",\"urlTemplate\":\"https:\/\/www.campingelpont.net\/?s={search_term_string}\"},\"query-input\":{\"@type\":\"PropertyValueSpecification\",\"valueRequired\":true,\"valueName\":\"search_term_string\"}}],\"inLanguage\":\"es\"},{\"@type\":\"Organization\",\"@id\":\"https:\/\/www.campingelpont.net\/#organization\",\"name\":\"Camping el Pont\",\"url\":\"https:\/\/www.campingelpont.net\/\",\"logo\":{\"@type\":\"ImageObject\",\"inLanguage\":\"es\",\"@id\":\"https:\/\/www.campingelpont.net\/#\/schema\/logo\/image\/\",\"url\":\"https:\/\/www.campingelpont.net\/wp-content\/uploads\/logo-campingelpont-mini.png\",\"contentUrl\":\"https:\/\/www.campingelpont.net\/wp-content\/uploads\/logo-campingelpont-mini.png\",\"width\":334,\"height\":170,\"caption\":\"Camping el Pont\"},\"image\":{\"@id\":\"https:\/\/www.campingelpont.net\/#\/schema\/logo\/image\/\"}}]}<\/script>\n<!-- \/ Yoast SEO plugin. -->","yoast_head_json":{"title":"Contacto - Camping el Pont","robots":{"index":"index","follow":"follow","max-snippet":"max-snippet:-1","max-image-preview":"max-image-preview:large","max-video-preview":"max-video-preview:-1"},"canonical":"https:\/\/www.campingelpont.net\/contacte\/","og_locale":"es_ES","og_type":"article","og_title":"Contacto - Camping el Pont","og_url":"https:\/\/www.campingelpont.net\/contacte\/","og_site_name":"Camping el Pont","article_modified_time":"2018-04-24T07:29:49+00:00","twitter_card":"summary_large_image","schema":{"@context":"https:\/\/schema.org","@graph":[{"@type":"WebPage","@id":"https:\/\/www.campingelpont.net\/contacte\/","url":"https:\/\/www.campingelpont.net\/contacte\/","name":"Contacto - Camping el Pont","isPartOf":{"@id":"https:\/\/www.campingelpont.net\/#website"},"datePublished":"2014-04-28T08:25:35+00:00","dateModified":"2018-04-24T07:29:49+00:00","breadcrumb":{"@id":"https:\/\/www.campingelpont.net\/contacte\/#breadcrumb"},"inLanguage":"es","potentialAction":[{"@type":"ReadAction","target":["https:\/\/www.campingelpont.net\/contacte\/"]}]},{"@type":"BreadcrumbList","@id":"https:\/\/www.campingelpont.net\/contacte\/#breadcrumb","itemListElement":[{"@type":"ListItem","position":1,"name":"Inici","item":"https:\/\/www.campingelpont.net\/es\/"},{"@type":"ListItem","position":2,"name":"Contacto"}]},{"@type":"WebSite","@id":"https:\/\/www.campingelpont.net\/#website","url":"https:\/\/www.campingelpont.net\/","name":"Camping el Pont","description":"Entre tu i la natura","publisher":{"@id":"https:\/\/www.campingelpont.net\/#organization"},"potentialAction":[{"@type":"SearchAction","target":{"@type":"EntryPoint","urlTemplate":"https:\/\/www.campingelpont.net\/?s={search_term_string}"},"query-input":{"@type":"PropertyValueSpecification","valueRequired":true,"valueName":"search_term_string"}}],"inLanguage":"es"},{"@type":"Organization","@id":"https:\/\/www.campingelpont.net\/#organization","name":"Camping el Pont","url":"https:\/\/www.campingelpont.net\/","logo":{"@type":"ImageObject","inLanguage":"es","@id":"https:\/\/www.campingelpont.net\/#\/schema\/logo\/image\/","url":"https:\/\/www.campingelpont.net\/wp-content\/uploads\/logo-campingelpont-mini.png","contentUrl":"https:\/\/www.campingelpont.net\/wp-content\/uploads\/logo-campingelpont-mini.png","width":334,"height":170,"caption":"Camping el Pont"},"image":{"@id":"https:\/\/www.campingelpont.net\/#\/schema\/logo\/image\/"}}]}},"_links":{"self":[{"href":"https:\/\/www.campingelpont.net\/es\/wp-json\/wp\/v2\/pages\/19719","targetHints":{"allow":["GET"]}}],"collection":[{"href":"https:\/\/www.campingelpont.net\/es\/wp-json\/wp\/v2\/pages"}],"about":[{"href":"https:\/\/www.campingelpont.net\/es\/wp-json\/wp\/v2\/types\/page"}],"author":[{"embeddable":true,"href":"https:\/\/www.campingelpont.net\/es\/wp-json\/wp\/v2\/users\/1"}],"replies":[{"embeddable":true,"href":"https:\/\/www.campingelpont.net\/es\/wp-json\/wp\/v2\/comments?post=19719"}],"version-history":[{"count":0,"href":"https:\/\/www.campingelpont.net\/es\/wp-json\/wp\/v2\/pages\/19719\/revisions"}],"wp:attachment":[{"href":"https:\/\/www.campingelpont.net\/es\/wp-json\/wp\/v2\/media?parent=19719"}],"curies":[{"name":"wp","href":"https:\/\/api.w.org\/{rel}","templated":true}]}}